{"id":629,"date":"2026-03-23T00:22:52","date_gmt":"2026-03-23T04:22:52","guid":{"rendered":"https:\/\/periciadetransito.com.br\/?page_id=629"},"modified":"2026-03-23T00:29:18","modified_gmt":"2026-03-23T04:29:18","slug":"pericia-veicular","status":"publish","type":"page","link":"https:\/\/periciadetransito.com.br\/?page_id=629","title":{"rendered":"Per\u00edcia Veicular"},"content":{"rendered":"","protected":false},"excerpt":{"rendered":"","protected":false},"author":1,"featured_media":0,"parent":0,"menu_order":0,"comment_status":"closed","ping_status":"closed","template":"elementor_canvas","meta":{"_acf_changed":false,"site-sidebar-layout":"default","site-content-layout":"","ast-site-content-layout":"default","site-content-style":"default","site-sidebar-style":"default","ast-global-header-display":"","ast-banner-title-visibility":"","ast-main-header-display":"","ast-hfb-above-header-display":"","ast-hfb-below-header-display":"","ast-hfb-mobile-header-display":"","site-post-title":"","ast-breadcrumbs-content":"","ast-featured-img":"","footer-sml-layout":"","ast-disable-related-posts":"","theme-transparent-header-meta":"","adv-header-id-meta":"","stick-header-meta":"","header-above-stick-meta":"","header-main-stick-meta":"","header-below-stick-meta":"","astra-migrate-meta-layouts":"default","ast-page-background-enabled":"default","ast-page-background-meta":{"desktop":{"background-color":"var(--ast-global-color-5)","background-image":"","background-repeat":"repeat","background-position":"center center","background-size":"auto","background-attachment":"scroll","background-type":"","background-media":"","overlay-type":"","overlay-color":"","overlay-opacity":"","overlay-gradient":""},"tablet":{"background-color":"","background-image":"","background-repeat":"repeat","background-position":"center center","background-size":"auto","background-attachment":"scroll","background-type":"","background-media":"","overlay-type":"","overlay-color":"","overlay-opacity":"","overlay-gradient":""},"mobile":{"background-color":"","background-image":"","background-repeat":"repeat","background-position":"center center","background-size":"auto","background-attachment":"scroll","background-type":"","background-media":"","overlay-type":"","overlay-color":"","overlay-opacity":"","overlay-gradient":""}},"ast-content-background-meta":{"desktop":{"background-color":"var(--ast-global-color-4)","background-image":"","background-repeat":"repeat","background-position":"center center","background-size":"auto","background-attachment":"scroll","background-type":"","background-media":"","overlay-type":"","overlay-color":"","overlay-opacity":"","overlay-gradient":""},"tablet":{"background-color":"var(--ast-global-color-4)","background-image":"","background-repeat":"repeat","background-position":"center center","background-size":"auto","background-attachment":"scroll","background-type":"","background-media":"","overlay-type":"","overlay-color":"","overlay-opacity":"","overlay-gradient":""},"mobile":{"background-color":"var(--ast-global-color-4)","background-image":"","background-repeat":"repeat","background-position":"center center","background-size":"auto","background-attachment":"scroll","background-type":"","background-media":"","overlay-type":"","overlay-color":"","overlay-opacity":"","overlay-gradient":""}},"footnotes":""},"class_list":["post-629","page","type-page","status-publish","hentry"],"acf":[],"yoast_head":"<!-- This site is optimized with the Yoast SEO plugin v27.2 - https:\/\/yoast.com\/product\/yoast-seo-wordpress\/ -->\n<title>Per\u00edcia Veicular - Per\u00edcia de Tr\u00e2nsito<\/title>\n<meta name=\"robots\" content=\"index, follow, max-snippet:-1, max-image-preview:large, max-video-preview:-1\" \/>\n<link rel=\"canonical\" href=\"https:\/\/periciadetransito.com.br\/?page_id=629\" \/>\n<meta property=\"og:locale\" content=\"pt_BR\" \/>\n<meta property=\"og:type\" content=\"article\" \/>\n<meta property=\"og:title\" content=\"Per\u00edcia Veicular - Per\u00edcia de Tr\u00e2nsito\" \/>\n<meta property=\"og:url\" content=\"https:\/\/periciadetransito.com.br\/?page_id=629\" \/>\n<meta property=\"og:site_name\" content=\"Per\u00edcia de Tr\u00e2nsito\" \/>\n<meta property=\"article:modified_time\" content=\"2026-03-23T04:29:18+00:00\" \/>\n<meta name=\"twitter:card\" content=\"summary_large_image\" \/>\n<script type=\"application\/ld+json\" class=\"yoast-schema-graph\">{\"@context\":\"https:\/\/schema.org\",\"@graph\":[{\"@type\":\"WebPage\",\"@id\":\"https:\/\/periciadetransito.com.br\/?page_id=629\",\"url\":\"https:\/\/periciadetransito.com.br\/?page_id=629\",\"name\":\"Per\u00edcia Veicular - Per\u00edcia de Tr\u00e2nsito\",\"isPartOf\":{\"@id\":\"https:\/\/periciadetransito.com.br\/#website\"},\"datePublished\":\"2026-03-23T04:22:52+00:00\",\"dateModified\":\"2026-03-23T04:29:18+00:00\",\"breadcrumb\":{\"@id\":\"https:\/\/periciadetransito.com.br\/?page_id=629#breadcrumb\"},\"inLanguage\":\"pt-BR\",\"potentialAction\":[{\"@type\":\"ReadAction\",\"target\":[\"https:\/\/periciadetransito.com.br\/?page_id=629\"]}]},{\"@type\":\"BreadcrumbList\",\"@id\":\"https:\/\/periciadetransito.com.br\/?page_id=629#breadcrumb\",\"itemListElement\":[{\"@type\":\"ListItem\",\"position\":1,\"name\":\"In\u00edcio\",\"item\":\"https:\/\/periciadetransito.com.br\/\"},{\"@type\":\"ListItem\",\"position\":2,\"name\":\"Per\u00edcia Veicular\"}]},{\"@type\":\"WebSite\",\"@id\":\"https:\/\/periciadetransito.com.br\/#website\",\"url\":\"https:\/\/periciadetransito.com.br\/\",\"name\":\"Per\u00edcia de Tr\u00e2nsito\",\"description\":\"ANSWER CONSULTORIA E PER\u00cdCIA\",\"publisher\":{\"@id\":\"https:\/\/periciadetransito.com.br\/#organization\"},\"potentialAction\":[{\"@type\":\"SearchAction\",\"target\":{\"@type\":\"EntryPoint\",\"urlTemplate\":\"https:\/\/periciadetransito.com.br\/?s={search_term_string}\"},\"query-input\":{\"@type\":\"PropertyValueSpecification\",\"valueRequired\":true,\"valueName\":\"search_term_string\"}}],\"inLanguage\":\"pt-BR\"},{\"@type\":\"Organization\",\"@id\":\"https:\/\/periciadetransito.com.br\/#organization\",\"name\":\"Per\u00edcia de Tr\u00e2nsitoAnswer Consultoria e Per\u00edcia\",\"url\":\"https:\/\/periciadetransito.com.br\/\",\"logo\":{\"@type\":\"ImageObject\",\"inLanguage\":\"pt-BR\",\"@id\":\"https:\/\/periciadetransito.com.br\/#\/schema\/logo\/image\/\",\"url\":\"https:\/\/periciadetransito.com.br\/wp-content\/uploads\/2026\/03\/cropped-cropped-Logo-Pericia-de-Transito.png\",\"contentUrl\":\"https:\/\/periciadetransito.com.br\/wp-content\/uploads\/2026\/03\/cropped-cropped-Logo-Pericia-de-Transito.png\",\"width\":450,\"height\":200,\"caption\":\"Per\u00edcia de Tr\u00e2nsitoAnswer Consultoria e Per\u00edcia\"},\"image\":{\"@id\":\"https:\/\/periciadetransito.com.br\/#\/schema\/logo\/image\/\"},\"sameAs\":[\"https:\/\/www.instagram.com\/periciatransito\"]}]}<\/script>\n<!-- \/ Yoast SEO plugin. -->","yoast_head_json":{"title":"Per\u00edcia Veicular - Per\u00edcia de Tr\u00e2nsito","robots":{"index":"index","follow":"follow","max-snippet":"max-snippet:-1","max-image-preview":"max-image-preview:large","max-video-preview":"max-video-preview:-1"},"canonical":"https:\/\/periciadetransito.com.br\/?page_id=629","og_locale":"pt_BR","og_type":"article","og_title":"Per\u00edcia Veicular - Per\u00edcia de Tr\u00e2nsito","og_url":"https:\/\/periciadetransito.com.br\/?page_id=629","og_site_name":"Per\u00edcia de Tr\u00e2nsito","article_modified_time":"2026-03-23T04:29:18+00:00","twitter_card":"summary_large_image","schema":{"@context":"https:\/\/schema.org","@graph":[{"@type":"WebPage","@id":"https:\/\/periciadetransito.com.br\/?page_id=629","url":"https:\/\/periciadetransito.com.br\/?page_id=629","name":"Per\u00edcia Veicular - Per\u00edcia de Tr\u00e2nsito","isPartOf":{"@id":"https:\/\/periciadetransito.com.br\/#website"},"datePublished":"2026-03-23T04:22:52+00:00","dateModified":"2026-03-23T04:29:18+00:00","breadcrumb":{"@id":"https:\/\/periciadetransito.com.br\/?page_id=629#breadcrumb"},"inLanguage":"pt-BR","potentialAction":[{"@type":"ReadAction","target":["https:\/\/periciadetransito.com.br\/?page_id=629"]}]},{"@type":"BreadcrumbList","@id":"https:\/\/periciadetransito.com.br\/?page_id=629#breadcrumb","itemListElement":[{"@type":"ListItem","position":1,"name":"In\u00edcio","item":"https:\/\/periciadetransito.com.br\/"},{"@type":"ListItem","position":2,"name":"Per\u00edcia Veicular"}]},{"@type":"WebSite","@id":"https:\/\/periciadetransito.com.br\/#website","url":"https:\/\/periciadetransito.com.br\/","name":"Per\u00edcia de Tr\u00e2nsito","description":"ANSWER CONSULTORIA E PER\u00cdCIA","publisher":{"@id":"https:\/\/periciadetransito.com.br\/#organization"},"potentialAction":[{"@type":"SearchAction","target":{"@type":"EntryPoint","urlTemplate":"https:\/\/periciadetransito.com.br\/?s={search_term_string}"},"query-input":{"@type":"PropertyValueSpecification","valueRequired":true,"valueName":"search_term_string"}}],"inLanguage":"pt-BR"},{"@type":"Organization","@id":"https:\/\/periciadetransito.com.br\/#organization","name":"Per\u00edcia de Tr\u00e2nsitoAnswer Consultoria e Per\u00edcia","url":"https:\/\/periciadetransito.com.br\/","logo":{"@type":"ImageObject","inLanguage":"pt-BR","@id":"https:\/\/periciadetransito.com.br\/#\/schema\/logo\/image\/","url":"https:\/\/periciadetransito.com.br\/wp-content\/uploads\/2026\/03\/cropped-cropped-Logo-Pericia-de-Transito.png","contentUrl":"https:\/\/periciadetransito.com.br\/wp-content\/uploads\/2026\/03\/cropped-cropped-Logo-Pericia-de-Transito.png","width":450,"height":200,"caption":"Per\u00edcia de Tr\u00e2nsitoAnswer Consultoria e Per\u00edcia"},"image":{"@id":"https:\/\/periciadetransito.com.br\/#\/schema\/logo\/image\/"},"sameAs":["https:\/\/www.instagram.com\/periciatransito"]}]}},"_links":{"self":[{"href":"https:\/\/periciadetransito.com.br\/index.php?rest_route=\/wp\/v2\/pages\/629","targetHints":{"allow":["GET"]}}],"collection":[{"href":"https:\/\/periciadetransito.com.br\/index.php?rest_route=\/wp\/v2\/pages"}],"about":[{"href":"https:\/\/periciadetransito.com.br\/index.php?rest_route=\/wp\/v2\/types\/page"}],"author":[{"embeddable":true,"href":"https:\/\/periciadetransito.com.br\/index.php?rest_route=\/wp\/v2\/users\/1"}],"replies":[{"embeddable":true,"href":"https:\/\/periciadetransito.com.br\/index.php?rest_route=%2Fwp%2Fv2%2Fcomments&post=629"}],"version-history":[{"count":4,"href":"https:\/\/periciadetransito.com.br\/index.php?rest_route=\/wp\/v2\/pages\/629\/revisions"}],"predecessor-version":[{"id":633,"href":"https:\/\/periciadetransito.com.br\/index.php?rest_route=\/wp\/v2\/pages\/629\/revisions\/633"}],"wp:attachment":[{"href":"https:\/\/periciadetransito.com.br\/index.php?rest_route=%2Fwp%2Fv2%2Fmedia&parent=629"}],"curies":[{"name":"wp","href":"https:\/\/api.w.org\/{rel}","templated":true}]}}